{"id":118,"date":"2022-05-16T01:10:14","date_gmt":"2022-05-16T01:10:14","guid":{"rendered":"https:\/\/itabenexpoperu.com\/dev\/?page_id=118"},"modified":"2025-06-10T13:41:54","modified_gmt":"2025-06-10T13:41:54","slug":"mercados","status":"publish","type":"page","link":"https:\/\/itabenexpoperu.com\/en\/mercados\/","title":{"rendered":"MARKETS"},"content":{"rendered":"<div data-elementor-type=\"wp-page\" data-elementor-id=\"118\" class=\"elementor elementor-118\" data-elementor-post-type=\"page\">\n\t\t\t\t<div class=\"elementor-element elementor-element-89fbb34 e-flex e-con-boxed e-con e-parent\" data-id=\"89fbb34\" data-element_type=\"container\" data-settings=\"{&quot;background_background&quot;:&quot;classic&quot;}\">\n\t\t\t\t\t<div class=\"e-con-inner\">\n\t\t<div class=\"elementor-element elementor-element-6d5a2d5 e-flex e-con-boxed e-con e-child\" data-id=\"6d5a2d5\" data-element_type=\"container\">\n\t\t\t\t\t<div class=\"e-con-inner\">\n\t\t\t\t<div class=\"elementor-element elementor-element-e019840 elementor-widget-tablet__width-initial elementor-widget-mobile__width-initial elementor-widget__width-initial elementor-widget elementor-widget-heading\" data-id=\"e019840\" data-element_type=\"widget\" data-widget_type=\"heading.default\">\n\t\t\t\t\t<h2 class=\"elementor-heading-title elementor-size-default\">Your direct connection to the best of the Peruvian countryside<\/h2>\t\t\t\t<\/div>\n\t\t\t\t<div class=\"elementor-element elementor-element-194d6f4 elementor-widget__width-initial elementor-widget-tablet__width-initial elementor-widget elementor-widget-button\" data-id=\"194d6f4\" data-element_type=\"widget\" data-widget_type=\"button.default\">\n\t\t\t\t\t\t\t\t\t\t<a class=\"elementor-button elementor-button-link elementor-size-sm elementor-animation-shrink\" href=\"#elementor-action%3Aaction%3Dpopup%3Aopen%26settings%3DeyJpZCI6IjE5MTIiLCJ0b2dnbGUiOmZhbHNlfQ%3D%3D\">\n\t\t\t\t\t\t<span class=\"elementor-button-content-wrapper\">\n\t\t\t\t\t\t\t\t\t<span class=\"elementor-button-text\">More information<\/span>\n\t\t\t\t\t<\/span>\n\t\t\t\t\t<\/a>\n\t\t\t\t\t\t\t\t<\/div>\n\t\t\t\t\t<\/div>\n\t\t\t\t<\/div>\n\t\t\t\t\t<\/div>\n\t\t\t\t<\/div>\n\t\t<div class=\"elementor-element elementor-element-8ec710e e-flex e-con-boxed e-con e-parent\" data-id=\"8ec710e\" data-element_type=\"container\">\n\t\t\t\t\t<div class=\"e-con-inner\">\n\t\t<div class=\"elementor-element elementor-element-dffd615 e-flex e-con-boxed e-con e-child\" data-id=\"dffd615\" data-element_type=\"container\">\n\t\t\t\t\t<div class=\"e-con-inner\">\n\t\t<div class=\"elementor-element elementor-element-bb8e26c e-flex e-con-boxed e-con e-child\" data-id=\"bb8e26c\" data-element_type=\"container\">\n\t\t\t\t\t<div class=\"e-con-inner\">\n\t\t\t\t<div class=\"elementor-element elementor-element-eb2bd0e elementor-widget elementor-widget-breadcrumbs\" data-id=\"eb2bd0e\" data-element_type=\"widget\" data-widget_type=\"breadcrumbs.default\">\n\t\t\t\t\t<p id=\"breadcrumbs\"><span><span><a href=\"https:\/\/itabenexpoperu.com\/en\/\">HOME<\/a><\/span><\/span><\/p>\t\t\t\t<\/div>\n\t\t\t\t\t<\/div>\n\t\t\t\t<\/div>\n\t\t\t\t<div class=\"elementor-element elementor-element-b5e153c elementor-widget elementor-widget-heading\" data-id=\"b5e153c\" data-element_type=\"widget\" data-widget_type=\"heading.default\">\n\t\t\t\t\t<h2 class=\"elementor-heading-title elementor-size-default\">International Markets<\/h2>\t\t\t\t<\/div>\n\t\t\t\t<div class=\"elementor-element elementor-element-1ecd34e elementor-widget elementor-widget-text-editor\" data-id=\"1ecd34e\" data-element_type=\"widget\" data-widget_type=\"text-editor.default\">\n\t\t\t\t\t\t\t\t\t<p>At ITABEN, we bring the quality of Peruvian products to the world. We export fresh, frozen, dehydrated fruits and dried fruits, ensuring freshness, flavor, and the highest quality standards in every shipment.<\/p><p>Our products reach demanding markets in:<\/p><p><strong>Asia<\/strong> With a growing demand for healthy and natural foods, we supply key Asian countries with our finest fruits and dried products.<\/p><p><strong>Europe<\/strong> We serve European clients who value traceability, certifications, and the authentic taste of natural products.<\/p><p><strong>North America<\/strong> The U.S. and Canada trust ITABEN to deliver fresh fruits and processed products that meet strict phytosanitary standards.<\/p><p><strong>Central America<\/strong> We support the growing regional demand with versatile, high-quality products adapted to diverse markets.<\/p><p><strong>Our commitment is to connect the agricultural richness of Peru with the world, taking care of every detail so that our international clients receive only the best.<\/strong><\/p>\t\t\t\t\t\t\t\t<\/div>\n\t\t<div class=\"elementor-element elementor-element-4d2a41c e-flex e-con-boxed e-con e-child\" data-id=\"4d2a41c\" data-element_type=\"container\" data-settings=\"{&quot;background_background&quot;:&quot;classic&quot;}\">\n\t\t\t\t\t<div class=\"e-con-inner\">\n\t\t\t\t\t<\/div>\n\t\t\t\t<\/div>\n\t\t\t\t\t<\/div>\n\t\t\t\t<\/div>\n\t\t\t\t\t<\/div>\n\t\t\t\t<\/div>\n\t\t<div class=\"elementor-element elementor-element-4f26293 e-flex e-con-boxed e-con e-parent\" data-id=\"4f26293\" data-element_type=\"container\">\n\t\t\t\t\t<div class=\"e-con-inner\">\n\t\t<div class=\"elementor-element elementor-element-06e9456 e-con-full e-flex e-con e-child\" data-id=\"06e9456\" data-element_type=\"container\">\n\t\t\t\t<div class=\"elementor-element elementor-element-c69cf1e elementor-widget elementor-widget-heading\" data-id=\"c69cf1e\" data-element_type=\"widget\" data-widget_type=\"heading.default\">\n\t\t\t\t\t<h2 class=\"elementor-heading-title elementor-size-default\">Certifications<\/h2>\t\t\t\t<\/div>\n\t\t\t\t<div class=\"elementor-element elementor-element-59ac702 elementor-widget elementor-widget-text-editor\" data-id=\"59ac702\" data-element_type=\"widget\" data-widget_type=\"text-editor.default\">\n\t\t\t\t\t\t\t\t\t<p>En ITABEN, nuestra prioridad es ofrecer productos con los m\u00e1s altos est\u00e1ndares de calidad y sostenibilidad, reconocidos mundialmente a trav\u00e9s de rigurosas certificaciones.<\/p><p><strong>At ITABEN, our priority is to offer products that meet the highest global standards of quality and sustainability. We are proud to be backed by key certifications that reflect our commitment to food safety, traceability, social responsibility, and sustainable agricultural practices:<\/strong><\/p>\t\t\t\t\t\t\t\t<\/div>\n\t\t\t\t<div class=\"elementor-element elementor-element-6301378 elementor-widget elementor-widget-gallery\" data-id=\"6301378\" data-element_type=\"widget\" data-settings=\"{&quot;columns&quot;:3,&quot;columns_tablet&quot;:3,&quot;columns_mobile&quot;:3,&quot;gap&quot;:{&quot;unit&quot;:&quot;px&quot;,&quot;size&quot;:7,&quot;sizes&quot;:[]},&quot;aspect_ratio&quot;:&quot;1:1&quot;,&quot;lazyload&quot;:&quot;yes&quot;,&quot;gallery_layout&quot;:&quot;grid&quot;,&quot;gap_tablet&quot;:{&quot;unit&quot;:&quot;px&quot;,&quot;size&quot;:10,&quot;sizes&quot;:[]},&quot;gap_mobile&quot;:{&quot;unit&quot;:&quot;px&quot;,&quot;size&quot;:10,&quot;sizes&quot;:[]},&quot;overlay_background&quot;:&quot;yes&quot;,&quot;content_hover_animation&quot;:&quot;fade-in&quot;}\" data-widget_type=\"gallery.default\">\n\t\t\t\t\t\t\t<div class=\"elementor-gallery__container\">\n\t\t\t\t\t\t\t<div class=\"e-gallery-item elementor-gallery-item elementor-animated-content\">\n\t\t\t\t\t<div class=\"e-gallery-image elementor-gallery-item__image\" data-thumbnail=\"https:\/\/itabenexpoperu.com\/wp-content\/uploads\/2025\/06\/1.-GlobalGap-1-300x300.png\" data-width=\"300\" data-height=\"300\" aria-label=\"\" role=\"img\" ><\/div>\n\t\t\t\t\t\t\t\t\t\t\t<div class=\"elementor-gallery-item__overlay\"><\/div>\n\t\t\t\t\t\t\t\t\t\t\t\t\t\t<\/div>\n\t\t\t\t\t\t\t<div class=\"e-gallery-item elementor-gallery-item elementor-animated-content\">\n\t\t\t\t\t<div class=\"e-gallery-image elementor-gallery-item__image\" data-thumbnail=\"https:\/\/itabenexpoperu.com\/wp-content\/uploads\/2025\/06\/2.-Rainforest-Alliance-1-300x300.png\" data-width=\"300\" data-height=\"300\" aria-label=\"\" role=\"img\" ><\/div>\n\t\t\t\t\t\t\t\t\t\t\t<div class=\"elementor-gallery-item__overlay\"><\/div>\n\t\t\t\t\t\t\t\t\t\t\t\t\t\t<\/div>\n\t\t\t\t\t\t\t<div class=\"e-gallery-item elementor-gallery-item elementor-animated-content\">\n\t\t\t\t\t<div class=\"e-gallery-image elementor-gallery-item__image\" data-thumbnail=\"https:\/\/itabenexpoperu.com\/wp-content\/uploads\/2025\/06\/3.-FairTrade-1-300x300.png\" data-width=\"300\" data-height=\"300\" aria-label=\"\" role=\"img\" ><\/div>\n\t\t\t\t\t\t\t\t\t\t\t<div class=\"elementor-gallery-item__overlay\"><\/div>\n\t\t\t\t\t\t\t\t\t\t\t\t\t\t<\/div>\n\t\t\t\t\t\t\t<div class=\"e-gallery-item elementor-gallery-item elementor-animated-content\">\n\t\t\t\t\t<div class=\"e-gallery-image elementor-gallery-item__image\" data-thumbnail=\"https:\/\/itabenexpoperu.com\/wp-content\/uploads\/2025\/06\/4.-GRASP-1-300x300.png\" data-width=\"300\" data-height=\"300\" aria-label=\"\" role=\"img\" ><\/div>\n\t\t\t\t\t\t\t\t\t\t\t<div class=\"elementor-gallery-item__overlay\"><\/div>\n\t\t\t\t\t\t\t\t\t\t\t\t\t\t<\/div>\n\t\t\t\t\t\t\t<div class=\"e-gallery-item elementor-gallery-item elementor-animated-content\">\n\t\t\t\t\t<div class=\"e-gallery-image elementor-gallery-item__image\" data-thumbnail=\"https:\/\/itabenexpoperu.com\/wp-content\/uploads\/2025\/06\/5.-SMETA-1-300x300.png\" data-width=\"300\" data-height=\"300\" aria-label=\"\" role=\"img\" ><\/div>\n\t\t\t\t\t\t\t\t\t\t\t<div class=\"elementor-gallery-item__overlay\"><\/div>\n\t\t\t\t\t\t\t\t\t\t\t\t\t\t<\/div>\n\t\t\t\t\t\t\t<div class=\"e-gallery-item elementor-gallery-item elementor-animated-content\">\n\t\t\t\t\t<div class=\"e-gallery-image elementor-gallery-item__image\" data-thumbnail=\"https:\/\/itabenexpoperu.com\/wp-content\/uploads\/2025\/06\/6.-USDA-Organic-1-300x300.png\" data-width=\"300\" data-height=\"300\" aria-label=\"\" role=\"img\" ><\/div>\n\t\t\t\t\t\t\t\t\t\t\t<div class=\"elementor-gallery-item__overlay\"><\/div>\n\t\t\t\t\t\t\t\t\t\t\t\t\t\t<\/div>\n\t\t\t\t\t\t\t<div class=\"e-gallery-item elementor-gallery-item elementor-animated-content\">\n\t\t\t\t\t<div class=\"e-gallery-image elementor-gallery-item__image\" data-thumbnail=\"https:\/\/itabenexpoperu.com\/wp-content\/uploads\/2025\/06\/7.-IFS-Food-1-300x300.png\" data-width=\"300\" data-height=\"300\" aria-label=\"\" role=\"img\" ><\/div>\n\t\t\t\t\t\t\t\t\t\t\t<div class=\"elementor-gallery-item__overlay\"><\/div>\n\t\t\t\t\t\t\t\t\t\t\t\t\t\t<\/div>\n\t\t\t\t\t\t\t<div class=\"e-gallery-item elementor-gallery-item elementor-animated-content\">\n\t\t\t\t\t<div class=\"e-gallery-image elementor-gallery-item__image\" data-thumbnail=\"https:\/\/itabenexpoperu.com\/wp-content\/uploads\/2025\/06\/8.-SQF-Certified-1-300x300.png\" data-width=\"300\" data-height=\"300\" aria-label=\"\" role=\"img\" ><\/div>\n\t\t\t\t\t\t\t\t\t\t\t<div class=\"elementor-gallery-item__overlay\"><\/div>\n\t\t\t\t\t\t\t\t\t\t\t\t\t\t<\/div>\n\t\t\t\t\t\t\t<div class=\"e-gallery-item elementor-gallery-item elementor-animated-content\">\n\t\t\t\t\t<div class=\"e-gallery-image elementor-gallery-item__image\" data-thumbnail=\"https:\/\/itabenexpoperu.com\/wp-content\/uploads\/2025\/06\/9.-CCC-Certified-Climate-Conscious-1-1-300x300.png\" data-width=\"300\" data-height=\"300\" aria-label=\"\" role=\"img\" ><\/div>\n\t\t\t\t\t\t\t\t\t\t\t<div class=\"elementor-gallery-item__overlay\"><\/div>\n\t\t\t\t\t\t\t\t\t\t\t\t\t\t<\/div>\n\t\t\t\t\t<\/div>\n\t\t\t\t\t<\/div>\n\t\t\t\t<\/div>\n\t\t\t\t\t<\/div>\n\t\t\t\t<\/div>\n\t\t\t\t<\/div>","protected":false},"excerpt":{"rendered":"<p>Tu conexi\u00f3n directa con lo mejor del campo peruano M\u00e1s informaci\u00f3n Mercados internacionales En ITABEN, llevamos la calidad de nuestros productos peruanos al mundo. Exportamos fruta fresca, congelada, deshidratada y frutos secos, garantizando frescura, sabor y el m\u00e1ximo est\u00e1ndar de calidad en cada env\u00edo. Nuestros productos llegan a mercados exigentes en: Asia: Con una demanda [&hellip;]<\/p>","protected":false},"author":1,"featured_media":0,"parent":0,"menu_order":0,"comment_status":"closed","ping_status":"closed","template":"","meta":{"footnotes":""},"class_list":["post-118","page","type-page","status-publish","hentry"],"yoast_head":"<!-- This site is optimized with the Yoast SEO Premium plugin v25.2 (Yoast SEO v25.2) - https:\/\/yoast.com\/wordpress\/plugins\/seo\/ -->\n<title>Mercados - Itaben Expo Per\u00fa<\/title>\n<meta name=\"robots\" content=\"noindex, follow, max-snippet:-1, max-image-preview:large, max-video-preview:-1\" \/>\n<meta property=\"og:locale\" content=\"en_US\" \/>\n<meta property=\"og:type\" content=\"article\" \/>\n<meta property=\"og:title\" content=\"Mercados\" \/>\n<meta property=\"og:description\" content=\"Tu conexi\u00f3n directa con lo mejor del campo peruano M\u00e1s informaci\u00f3n Mercados internacionales En ITABEN, llevamos la calidad de nuestros productos peruanos al mundo. Exportamos fruta fresca, congelada, deshidratada y frutos secos, garantizando frescura, sabor y el m\u00e1ximo est\u00e1ndar de calidad en cada env\u00edo. Nuestros productos llegan a mercados exigentes en: Asia: Con una demanda [&hellip;]\" \/>\n<meta property=\"og:url\" content=\"https:\/\/itabenexpoperu.com\/en\/mercados\/\" \/>\n<meta property=\"og:site_name\" content=\"Itaben Expo Per\u00fa\" \/>\n<meta property=\"article:modified_time\" content=\"2025-06-10T13:41:54+00:00\" \/>\n<meta name=\"twitter:card\" content=\"summary_large_image\" \/>\n<meta name=\"twitter:label1\" content=\"Est. reading time\" \/>\n\t<meta name=\"twitter:data1\" content=\"1 minute\" \/>\n<script type=\"application\/ld+json\" class=\"yoast-schema-graph\">{\"@context\":\"https:\/\/schema.org\",\"@graph\":[{\"@type\":\"WebPage\",\"@id\":\"https:\/\/itabenexpoperu.com\/mercados\/\",\"url\":\"https:\/\/itabenexpoperu.com\/mercados\/\",\"name\":\"Mercados - Itaben Expo Per\u00fa\",\"isPartOf\":{\"@id\":\"https:\/\/itabenexpoperu.com\/en\/#website\"},\"datePublished\":\"2022-05-16T01:10:14+00:00\",\"dateModified\":\"2025-06-10T13:41:54+00:00\",\"breadcrumb\":{\"@id\":\"https:\/\/itabenexpoperu.com\/mercados\/#breadcrumb\"},\"inLanguage\":\"en-US\",\"potentialAction\":[{\"@type\":\"ReadAction\",\"target\":[\"https:\/\/itabenexpoperu.com\/mercados\/\"]}]},{\"@type\":\"BreadcrumbList\",\"@id\":\"https:\/\/itabenexpoperu.com\/mercados\/#breadcrumb\",\"itemListElement\":[{\"@type\":\"ListItem\",\"position\":1,\"name\":\"Home\",\"item\":\"https:\/\/itabenexpoperu.com\/\"},{\"@type\":\"ListItem\",\"position\":2,\"name\":\"Mercados\"}]},{\"@type\":\"WebSite\",\"@id\":\"https:\/\/itabenexpoperu.com\/en\/#website\",\"url\":\"https:\/\/itabenexpoperu.com\/en\/\",\"name\":\"Itaben Expo Per\u00fa\",\"description\":\"Empresa exportadora de frutas\",\"potentialAction\":[{\"@type\":\"SearchAction\",\"target\":{\"@type\":\"EntryPoint\",\"urlTemplate\":\"https:\/\/itabenexpoperu.com\/en\/?s={search_term_string}\"},\"query-input\":{\"@type\":\"PropertyValueSpecification\",\"valueRequired\":true,\"valueName\":\"search_term_string\"}}],\"inLanguage\":\"en-US\"}]}<\/script>\n<!-- \/ Yoast SEO Premium plugin. -->","yoast_head_json":{"title":"Mercados - Itaben Expo Per\u00fa","robots":{"index":"noindex","follow":"follow","max-snippet":"max-snippet:-1","max-image-preview":"max-image-preview:large","max-video-preview":"max-video-preview:-1"},"og_locale":"en_US","og_type":"article","og_title":"Mercados","og_description":"Tu conexi\u00f3n directa con lo mejor del campo peruano M\u00e1s informaci\u00f3n Mercados internacionales En ITABEN, llevamos la calidad de nuestros productos peruanos al mundo. Exportamos fruta fresca, congelada, deshidratada y frutos secos, garantizando frescura, sabor y el m\u00e1ximo est\u00e1ndar de calidad en cada env\u00edo. Nuestros productos llegan a mercados exigentes en: Asia: Con una demanda [&hellip;]","og_url":"https:\/\/itabenexpoperu.com\/en\/mercados\/","og_site_name":"Itaben Expo Per\u00fa","article_modified_time":"2025-06-10T13:41:54+00:00","twitter_card":"summary_large_image","twitter_misc":{"Est. reading time":"1 minute"},"schema":{"@context":"https:\/\/schema.org","@graph":[{"@type":"WebPage","@id":"https:\/\/itabenexpoperu.com\/mercados\/","url":"https:\/\/itabenexpoperu.com\/mercados\/","name":"Mercados - Itaben Expo Per\u00fa","isPartOf":{"@id":"https:\/\/itabenexpoperu.com\/en\/#website"},"datePublished":"2022-05-16T01:10:14+00:00","dateModified":"2025-06-10T13:41:54+00:00","breadcrumb":{"@id":"https:\/\/itabenexpoperu.com\/mercados\/#breadcrumb"},"inLanguage":"en-US","potentialAction":[{"@type":"ReadAction","target":["https:\/\/itabenexpoperu.com\/mercados\/"]}]},{"@type":"BreadcrumbList","@id":"https:\/\/itabenexpoperu.com\/mercados\/#breadcrumb","itemListElement":[{"@type":"ListItem","position":1,"name":"Home","item":"https:\/\/itabenexpoperu.com\/"},{"@type":"ListItem","position":2,"name":"Mercados"}]},{"@type":"WebSite","@id":"https:\/\/itabenexpoperu.com\/en\/#website","url":"https:\/\/itabenexpoperu.com\/en\/","name":"Itaben Expo Per\u00fa","description":"Empresa exportadora de frutas","potentialAction":[{"@type":"SearchAction","target":{"@type":"EntryPoint","urlTemplate":"https:\/\/itabenexpoperu.com\/en\/?s={search_term_string}"},"query-input":{"@type":"PropertyValueSpecification","valueRequired":true,"valueName":"search_term_string"}}],"inLanguage":"en-US"}]}},"_links":{"self":[{"href":"https:\/\/itabenexpoperu.com\/en\/wp-json\/wp\/v2\/pages\/118","targetHints":{"allow":["GET"]}}],"collection":[{"href":"https:\/\/itabenexpoperu.com\/en\/wp-json\/wp\/v2\/pages"}],"about":[{"href":"https:\/\/itabenexpoperu.com\/en\/wp-json\/wp\/v2\/types\/page"}],"author":[{"embeddable":true,"href":"https:\/\/itabenexpoperu.com\/en\/wp-json\/wp\/v2\/users\/1"}],"replies":[{"embeddable":true,"href":"https:\/\/itabenexpoperu.com\/en\/wp-json\/wp\/v2\/comments?post=118"}],"version-history":[{"count":160,"href":"https:\/\/itabenexpoperu.com\/en\/wp-json\/wp\/v2\/pages\/118\/revisions"}],"predecessor-version":[{"id":2427,"href":"https:\/\/itabenexpoperu.com\/en\/wp-json\/wp\/v2\/pages\/118\/revisions\/2427"}],"wp:attachment":[{"href":"https:\/\/itabenexpoperu.com\/en\/wp-json\/wp\/v2\/media?parent=118"}],"curies":[{"name":"wp","href":"https:\/\/api.w.org\/{rel}","templated":true}]}}