{"id":2,"date":"2022-05-12T22:38:55","date_gmt":"2022-05-12T22:38:55","guid":{"rendered":"https:\/\/itabenexpoperu.com\/dev\/?page_id=2"},"modified":"2025-06-16T13:55:32","modified_gmt":"2025-06-16T18:55:32","slug":"sample-page","status":"publish","type":"page","link":"https:\/\/itabenexpoperu.com\/en\/","title":{"rendered":"HOME"},"content":{"rendered":"<div data-elementor-type=\"wp-page\" data-elementor-id=\"2\" class=\"elementor elementor-2\" data-elementor-post-type=\"page\">\n\t\t\t\t<div class=\"elementor-element elementor-element-c625ac0 e-flex e-con-boxed e-con e-parent\" data-id=\"c625ac0\" data-element_type=\"container\" data-settings=\"{&quot;background_background&quot;:&quot;classic&quot;}\">\n\t\t\t\t\t<div class=\"e-con-inner\">\n\t\t<div class=\"elementor-element elementor-element-2b0d5e1 e-flex e-con-boxed e-con e-child\" data-id=\"2b0d5e1\" data-element_type=\"container\">\n\t\t\t\t\t<div class=\"e-con-inner\">\n\t\t\t\t<div class=\"elementor-element elementor-element-eaee9c4 elementor-widget-tablet__width-initial elementor-widget-mobile__width-initial elementor-widget__width-initial elementor-widget elementor-widget-heading\" data-id=\"eaee9c4\" data-element_type=\"widget\" data-widget_type=\"heading.default\">\n\t\t\t\t\t<h2 class=\"elementor-heading-title elementor-size-default\">Peruvian quality conquering the world<\/h2>\t\t\t\t<\/div>\n\t\t\t\t<div class=\"elementor-element elementor-element-cab0584 elementor-widget__width-initial elementor-widget-tablet__width-initial elementor-widget elementor-widget-button\" data-id=\"cab0584\" data-element_type=\"widget\" data-widget_type=\"button.default\">\n\t\t\t\t\t\t\t\t\t\t<a class=\"elementor-button elementor-button-link elementor-size-sm elementor-animation-shrink\" href=\"#elementor-action%3Aaction%3Dpopup%3Aopen%26settings%3DeyJpZCI6IjE5MTIiLCJ0b2dnbGUiOmZhbHNlfQ%3D%3D\">\n\t\t\t\t\t\t<span class=\"elementor-button-content-wrapper\">\n\t\t\t\t\t\t\t\t\t<span class=\"elementor-button-text\">More information<\/span>\n\t\t\t\t\t<\/span>\n\t\t\t\t\t<\/a>\n\t\t\t\t\t\t\t\t<\/div>\n\t\t\t\t\t<\/div>\n\t\t\t\t<\/div>\n\t\t\t\t\t<\/div>\n\t\t\t\t<\/div>\n\t\t<div class=\"elementor-element elementor-element-567bdec e-flex e-con-boxed e-con e-parent\" data-id=\"567bdec\" data-element_type=\"container\">\n\t\t\t\t\t<div class=\"e-con-inner\">\n\t\t<div class=\"elementor-element elementor-element-4097419 e-con-full e-flex e-con e-child\" data-id=\"4097419\" data-element_type=\"container\">\n\t\t\t\t<div class=\"elementor-element elementor-element-6a836c8 elementor-widget elementor-widget-heading\" data-id=\"6a836c8\" data-element_type=\"widget\" data-widget_type=\"heading.default\">\n\t\t\t\t\t<h2 class=\"elementor-heading-title elementor-size-default\">Why choose us?<\/h2>\t\t\t\t<\/div>\n\t\t\t\t<div class=\"elementor-element elementor-element-a92aed7 elementor-widget elementor-widget-text-editor\" data-id=\"a92aed7\" data-element_type=\"widget\" data-widget_type=\"text-editor.default\">\n\t\t\t\t\t\t\t\t\t<p>Our track record reflects strength, commitment, and the ability to adapt to the challenges of international trade. Over the years, we have built a solid and trustworthy presence in the most demanding markets around the world \u2014 especially in<strong> Asia, Europe, and North America,<\/strong> standing out for our consistent quality, regulatory compliance, and agile response to customer needs.<\/p><p><strong>Choosing us means partnering with a strategic ally that combines experience, innovation, and a highly efficient supply network.<\/strong><\/p>\t\t\t\t\t\t\t\t<\/div>\n\t\t<div class=\"elementor-element elementor-element-7470650 e-con-full e-flex e-con e-child\" data-id=\"7470650\" data-element_type=\"container\">\n\t\t\t\t<\/div>\n\t\t\t\t<\/div>\n\t\t\t\t\t<\/div>\n\t\t\t\t<\/div>\n\t\t<div class=\"elementor-element elementor-element-9f8d3e8 e-flex e-con-boxed e-con e-parent\" data-id=\"9f8d3e8\" data-element_type=\"container\">\n\t\t\t\t\t<div class=\"e-con-inner\">\n\t\t<div class=\"elementor-element elementor-element-cfcb559 e-con-full e-flex e-con e-child\" data-id=\"cfcb559\" data-element_type=\"container\">\n\t\t\t\t<div class=\"elementor-element elementor-element-724bb04 elementor-widget elementor-widget-heading\" data-id=\"724bb04\" data-element_type=\"widget\" data-widget_type=\"heading.default\">\n\t\t\t\t\t<h2 class=\"elementor-heading-title elementor-size-default\">Our products<\/h2>\t\t\t\t<\/div>\n\t\t<div class=\"elementor-element elementor-element-73e4ec3 e-grid e-con-full e-con e-child\" data-id=\"73e4ec3\" data-element_type=\"container\">\n\t\t<div class=\"elementor-element elementor-element-81c380f e-con-full e-flex e-con e-child\" data-id=\"81c380f\" data-element_type=\"container\">\n\t\t\t\t<div class=\"elementor-element elementor-element-81f806e elementor-widget elementor-widget-heading\" data-id=\"81f806e\" data-element_type=\"widget\" data-widget_type=\"heading.default\">\n\t\t\t\t\t<h2 class=\"elementor-heading-title elementor-size-default\"><a href=\"https:\/\/itabenexpoperu.com\/en\/productos\/frutos-frescos\/\">Fresh fruits<\/a><\/h2>\t\t\t\t<\/div>\n\t\t\t\t<div class=\"elementor-element elementor-element-7e03af6 elementor-widget elementor-widget-heading\" data-id=\"7e03af6\" data-element_type=\"widget\" data-widget_type=\"heading.default\">\n\t\t\t\t\t<h2 class=\"elementor-heading-title elementor-size-default\">Treasure of the field<\/h2>\t\t\t\t<\/div>\n\t\t\t\t<div class=\"elementor-element elementor-element-072f0a4 elementor-widget elementor-widget-image\" data-id=\"072f0a4\" data-element_type=\"widget\" data-widget_type=\"image.default\">\n\t\t\t\t\t\t\t\t\t\t\t\t\t\t\t\t<a href=\"https:\/\/itabenexpoperu.com\/en\/productos\/frutos-frescos\/\">\n\t\t\t\t\t\t\t<img fetchpriority=\"high\" decoding=\"async\" width=\"800\" height=\"480\" src=\"https:\/\/itabenexpoperu.com\/wp-content\/uploads\/2025\/05\/Frescos-1024x614.png\" class=\"attachment-large size-large wp-image-1050\" alt=\"\" srcset=\"https:\/\/itabenexpoperu.com\/wp-content\/uploads\/2025\/05\/Frescos-1024x614.png 1024w, https:\/\/itabenexpoperu.com\/wp-content\/uploads\/2025\/05\/Frescos-300x180.png 300w, https:\/\/itabenexpoperu.com\/wp-content\/uploads\/2025\/05\/Frescos-768x461.png 768w, https:\/\/itabenexpoperu.com\/wp-content\/uploads\/2025\/05\/Frescos-1536x922.png 1536w, https:\/\/itabenexpoperu.com\/wp-content\/uploads\/2025\/05\/Frescos-18x12.png 18w, https:\/\/itabenexpoperu.com\/wp-content\/uploads\/2025\/05\/Frescos.png 2000w\" sizes=\"(max-width: 800px) 100vw, 800px\" \/>\t\t\t\t\t\t\t\t<\/a>\n\t\t\t\t\t\t\t\t\t\t\t\t\t\t\t<\/div>\n\t\t\t\t<div class=\"elementor-element elementor-element-a49c742 elementor-align-center elementor-widget elementor-widget-button\" data-id=\"a49c742\" data-element_type=\"widget\" data-widget_type=\"button.default\">\n\t\t\t\t\t\t\t\t\t\t<a class=\"elementor-button elementor-button-link elementor-size-sm elementor-animation-shrink\" href=\"https:\/\/itabenexpoperu.com\/en\/productos\/frutos-frescos\/\">\n\t\t\t\t\t\t<span class=\"elementor-button-content-wrapper\">\n\t\t\t\t\t\t\t\t\t<span class=\"elementor-button-text\">See products<\/span>\n\t\t\t\t\t<\/span>\n\t\t\t\t\t<\/a>\n\t\t\t\t\t\t\t\t<\/div>\n\t\t\t\t<\/div>\n\t\t<div class=\"elementor-element elementor-element-57c7bf8 e-con-full e-flex e-con e-child\" data-id=\"57c7bf8\" data-element_type=\"container\">\n\t\t\t\t<div class=\"elementor-element elementor-element-2242300 elementor-widget elementor-widget-heading\" data-id=\"2242300\" data-element_type=\"widget\" data-widget_type=\"heading.default\">\n\t\t\t\t\t<h2 class=\"elementor-heading-title elementor-size-default\"><a href=\"https:\/\/itabenexpoperu.com\/en\/productos\/frutos-congelados\/\">Frozen fruits<\/a><\/h2>\t\t\t\t<\/div>\n\t\t\t\t<div class=\"elementor-element elementor-element-b700a2c elementor-widget elementor-widget-heading\" data-id=\"b700a2c\" data-element_type=\"widget\" data-widget_type=\"heading.default\">\n\t\t\t\t\t<h2 class=\"elementor-heading-title elementor-size-default\">Flavor that lasts<\/h2>\t\t\t\t<\/div>\n\t\t\t\t<div class=\"elementor-element elementor-element-c3657ea elementor-widget elementor-widget-image\" data-id=\"c3657ea\" data-element_type=\"widget\" data-widget_type=\"image.default\">\n\t\t\t\t\t\t\t\t\t\t\t\t\t\t\t\t<a href=\"https:\/\/itabenexpoperu.com\/en\/productos\/frutos-congelados\/\">\n\t\t\t\t\t\t\t<img decoding=\"async\" width=\"800\" height=\"480\" src=\"https:\/\/itabenexpoperu.com\/wp-content\/uploads\/2025\/06\/Congelados-1024x614.png\" class=\"attachment-large size-large wp-image-2372\" alt=\"\" srcset=\"https:\/\/itabenexpoperu.com\/wp-content\/uploads\/2025\/06\/Congelados-1024x614.png 1024w, https:\/\/itabenexpoperu.com\/wp-content\/uploads\/2025\/06\/Congelados-300x180.png 300w, https:\/\/itabenexpoperu.com\/wp-content\/uploads\/2025\/06\/Congelados-768x461.png 768w, https:\/\/itabenexpoperu.com\/wp-content\/uploads\/2025\/06\/Congelados-1536x922.png 1536w, https:\/\/itabenexpoperu.com\/wp-content\/uploads\/2025\/06\/Congelados-18x12.png 18w, https:\/\/itabenexpoperu.com\/wp-content\/uploads\/2025\/06\/Congelados.png 2000w\" sizes=\"(max-width: 800px) 100vw, 800px\" \/>\t\t\t\t\t\t\t\t<\/a>\n\t\t\t\t\t\t\t\t\t\t\t\t\t\t\t<\/div>\n\t\t\t\t<div class=\"elementor-element elementor-element-6b6b0a8 elementor-align-center elementor-widget elementor-widget-button\" data-id=\"6b6b0a8\" data-element_type=\"widget\" data-widget_type=\"button.default\">\n\t\t\t\t\t\t\t\t\t\t<a class=\"elementor-button elementor-button-link elementor-size-sm elementor-animation-shrink\" href=\"https:\/\/itabenexpoperu.com\/en\/productos\/frutos-congelados\/\">\n\t\t\t\t\t\t<span class=\"elementor-button-content-wrapper\">\n\t\t\t\t\t\t\t\t\t<span class=\"elementor-button-text\">See products<\/span>\n\t\t\t\t\t<\/span>\n\t\t\t\t\t<\/a>\n\t\t\t\t\t\t\t\t<\/div>\n\t\t\t\t<\/div>\n\t\t<div class=\"elementor-element elementor-element-7a59f95 e-con-full e-flex e-con e-child\" data-id=\"7a59f95\" data-element_type=\"container\">\n\t\t\t\t<div class=\"elementor-element elementor-element-8752ffb elementor-widget elementor-widget-heading\" data-id=\"8752ffb\" data-element_type=\"widget\" data-widget_type=\"heading.default\">\n\t\t\t\t\t<h2 class=\"elementor-heading-title elementor-size-default\"><a href=\"https:\/\/itabenexpoperu.com\/en\/productos\/frutos-deshidratados\/\">Dehydrated fruits<\/a><\/h2>\t\t\t\t<\/div>\n\t\t\t\t<div class=\"elementor-element elementor-element-115bd70 elementor-widget elementor-widget-heading\" data-id=\"115bd70\" data-element_type=\"widget\" data-widget_type=\"heading.default\">\n\t\t\t\t\t<h2 class=\"elementor-heading-title elementor-size-default\">Vitality in every bite<\/h2>\t\t\t\t<\/div>\n\t\t\t\t<div class=\"elementor-element elementor-element-a9c7bb4 elementor-widget elementor-widget-image\" data-id=\"a9c7bb4\" data-element_type=\"widget\" data-widget_type=\"image.default\">\n\t\t\t\t\t\t\t\t\t\t\t\t\t\t\t\t<a href=\"https:\/\/itabenexpoperu.com\/en\/productos\/frutos-deshidratados\/\">\n\t\t\t\t\t\t\t<img decoding=\"async\" width=\"800\" height=\"480\" src=\"https:\/\/itabenexpoperu.com\/wp-content\/uploads\/2025\/06\/Deshidratados-1024x614.png\" class=\"attachment-large size-large wp-image-2376\" alt=\"\" srcset=\"https:\/\/itabenexpoperu.com\/wp-content\/uploads\/2025\/06\/Deshidratados-1024x614.png 1024w, https:\/\/itabenexpoperu.com\/wp-content\/uploads\/2025\/06\/Deshidratados-300x180.png 300w, https:\/\/itabenexpoperu.com\/wp-content\/uploads\/2025\/06\/Deshidratados-768x461.png 768w, https:\/\/itabenexpoperu.com\/wp-content\/uploads\/2025\/06\/Deshidratados-1536x922.png 1536w, https:\/\/itabenexpoperu.com\/wp-content\/uploads\/2025\/06\/Deshidratados-18x12.png 18w, https:\/\/itabenexpoperu.com\/wp-content\/uploads\/2025\/06\/Deshidratados.png 2000w\" sizes=\"(max-width: 800px) 100vw, 800px\" \/>\t\t\t\t\t\t\t\t<\/a>\n\t\t\t\t\t\t\t\t\t\t\t\t\t\t\t<\/div>\n\t\t\t\t<div class=\"elementor-element elementor-element-6e432e1 elementor-align-center elementor-widget elementor-widget-button\" data-id=\"6e432e1\" data-element_type=\"widget\" data-widget_type=\"button.default\">\n\t\t\t\t\t\t\t\t\t\t<a class=\"elementor-button elementor-button-link elementor-size-sm elementor-animation-shrink\" href=\"https:\/\/itabenexpoperu.com\/en\/productos\/frutos-deshidratados\/\">\n\t\t\t\t\t\t<span class=\"elementor-button-content-wrapper\">\n\t\t\t\t\t\t\t\t\t<span class=\"elementor-button-text\">See products<\/span>\n\t\t\t\t\t<\/span>\n\t\t\t\t\t<\/a>\n\t\t\t\t\t\t\t\t<\/div>\n\t\t\t\t<\/div>\n\t\t<div class=\"elementor-element elementor-element-0f46d40 e-con-full e-flex e-con e-child\" data-id=\"0f46d40\" data-element_type=\"container\">\n\t\t\t\t<div class=\"elementor-element elementor-element-48c6ffb elementor-widget elementor-widget-heading\" data-id=\"48c6ffb\" data-element_type=\"widget\" data-widget_type=\"heading.default\">\n\t\t\t\t\t<h2 class=\"elementor-heading-title elementor-size-default\"><a href=\"https:\/\/itabenexpoperu.com\/en\/productos\/frutos-secos\/\">Dried fruits<\/a><\/h2>\t\t\t\t<\/div>\n\t\t\t\t<div class=\"elementor-element elementor-element-29bc1a3 elementor-widget elementor-widget-heading\" data-id=\"29bc1a3\" data-element_type=\"widget\" data-widget_type=\"heading.default\">\n\t\t\t\t\t<h2 class=\"elementor-heading-title elementor-size-default\">Delicious and nutritious<\/h2>\t\t\t\t<\/div>\n\t\t\t\t<div class=\"elementor-element elementor-element-16317dd elementor-widget elementor-widget-image\" data-id=\"16317dd\" data-element_type=\"widget\" data-widget_type=\"image.default\">\n\t\t\t\t\t\t\t\t\t\t\t\t\t\t\t\t<a href=\"https:\/\/itabenexpoperu.com\/en\/productos\/frutos-secos\/\">\n\t\t\t\t\t\t\t<img loading=\"lazy\" decoding=\"async\" width=\"800\" height=\"480\" src=\"https:\/\/itabenexpoperu.com\/wp-content\/uploads\/2025\/05\/Frutos-secos-1024x614.png\" class=\"attachment-large size-large wp-image-1053\" alt=\"\" srcset=\"https:\/\/itabenexpoperu.com\/wp-content\/uploads\/2025\/05\/Frutos-secos-1024x614.png 1024w, https:\/\/itabenexpoperu.com\/wp-content\/uploads\/2025\/05\/Frutos-secos-300x180.png 300w, https:\/\/itabenexpoperu.com\/wp-content\/uploads\/2025\/05\/Frutos-secos-768x461.png 768w, https:\/\/itabenexpoperu.com\/wp-content\/uploads\/2025\/05\/Frutos-secos-1536x922.png 1536w, https:\/\/itabenexpoperu.com\/wp-content\/uploads\/2025\/05\/Frutos-secos-18x12.png 18w, https:\/\/itabenexpoperu.com\/wp-content\/uploads\/2025\/05\/Frutos-secos.png 2000w\" sizes=\"(max-width: 800px) 100vw, 800px\" \/>\t\t\t\t\t\t\t\t<\/a>\n\t\t\t\t\t\t\t\t\t\t\t\t\t\t\t<\/div>\n\t\t\t\t<div class=\"elementor-element elementor-element-9cef2dc elementor-align-center elementor-widget elementor-widget-button\" data-id=\"9cef2dc\" data-element_type=\"widget\" data-widget_type=\"button.default\">\n\t\t\t\t\t\t\t\t\t\t<a class=\"elementor-button elementor-button-link elementor-size-sm elementor-animation-shrink\" href=\"https:\/\/itabenexpoperu.com\/en\/productos\/frutos-secos\/\">\n\t\t\t\t\t\t<span class=\"elementor-button-content-wrapper\">\n\t\t\t\t\t\t\t\t\t<span class=\"elementor-button-text\">See products<\/span>\n\t\t\t\t\t<\/span>\n\t\t\t\t\t<\/a>\n\t\t\t\t\t\t\t\t<\/div>\n\t\t\t\t<\/div>\n\t\t\t\t<\/div>\n\t\t\t\t<\/div>\n\t\t\t\t\t<\/div>\n\t\t\t\t<\/div>\n\t\t\t\t<\/div>","protected":false},"excerpt":{"rendered":"<p>Calidad peruana que conquista el mundo M\u00e1s informaci\u00f3n \u00bfPor qu\u00e9 elegirnos? Nuestra trayectoria demuestra solidez, compromiso y capacidad de adaptaci\u00f3n frente a los desaf\u00edos del comercio internacional. A lo largo de los a\u00f1os, hemos consolidado una presencia firme y confiable en los mercados m\u00e1s exigentes del mundo, especialmente en Asia, Europa y Norteam\u00e9rica, destacando por [&hellip;]<\/p>","protected":false},"author":1,"featured_media":0,"parent":0,"menu_order":0,"comment_status":"closed","ping_status":"closed","template":"","meta":{"footnotes":""},"class_list":["post-2","page","type-page","status-publish","hentry"],"yoast_head":"<!-- This site is optimized with the Yoast SEO Premium plugin v25.2 (Yoast SEO v25.2) - https:\/\/yoast.com\/wordpress\/plugins\/seo\/ -->\n<title>Inicio - Itaben Expo Per\u00fa<\/title>\n<meta name=\"robots\" content=\"noindex, follow, max-snippet:-1, max-image-preview:large, max-video-preview:-1\" \/>\n<meta property=\"og:locale\" content=\"en_US\" \/>\n<meta property=\"og:type\" content=\"article\" \/>\n<meta property=\"og:title\" content=\"Inicio\" \/>\n<meta property=\"og:description\" content=\"Calidad peruana que conquista el mundo M\u00e1s informaci\u00f3n \u00bfPor qu\u00e9 elegirnos? Nuestra trayectoria demuestra solidez, compromiso y capacidad de adaptaci\u00f3n frente a los desaf\u00edos del comercio internacional. A lo largo de los a\u00f1os, hemos consolidado una presencia firme y confiable en los mercados m\u00e1s exigentes del mundo, especialmente en Asia, Europa y Norteam\u00e9rica, destacando por [&hellip;]\" \/>\n<meta property=\"og:url\" content=\"https:\/\/itabenexpoperu.com\/en\/\" \/>\n<meta property=\"og:site_name\" content=\"Itaben Expo Per\u00fa\" \/>\n<meta property=\"article:modified_time\" content=\"2025-06-16T18:55:32+00:00\" \/>\n<meta property=\"og:image\" content=\"https:\/\/itabenexpoperu.com\/wp-content\/uploads\/2025\/05\/Frescos.png\" \/>\n\t<meta property=\"og:image:width\" content=\"2000\" \/>\n\t<meta property=\"og:image:height\" content=\"1200\" \/>\n\t<meta property=\"og:image:type\" content=\"image\/png\" \/>\n<meta name=\"twitter:card\" content=\"summary_large_image\" \/>\n<meta name=\"twitter:label1\" content=\"Est. reading time\" \/>\n\t<meta name=\"twitter:data1\" content=\"2 minutes\" \/>\n<script type=\"application\/ld+json\" class=\"yoast-schema-graph\">{\"@context\":\"https:\/\/schema.org\",\"@graph\":[{\"@type\":\"WebPage\",\"@id\":\"https:\/\/itabenexpoperu.com\/\",\"url\":\"https:\/\/itabenexpoperu.com\/\",\"name\":\"Inicio - Itaben Expo Per\u00fa\",\"isPartOf\":{\"@id\":\"https:\/\/itabenexpoperu.com\/en\/#website\"},\"primaryImageOfPage\":{\"@id\":\"https:\/\/itabenexpoperu.com\/#primaryimage\"},\"image\":{\"@id\":\"https:\/\/itabenexpoperu.com\/#primaryimage\"},\"thumbnailUrl\":\"https:\/\/itabenexpoperu.com\/wp-content\/uploads\/2025\/05\/Frescos-1024x614.png\",\"datePublished\":\"2022-05-12T22:38:55+00:00\",\"dateModified\":\"2025-06-16T18:55:32+00:00\",\"breadcrumb\":{\"@id\":\"https:\/\/itabenexpoperu.com\/#breadcrumb\"},\"inLanguage\":\"en-US\",\"potentialAction\":[{\"@type\":\"ReadAction\",\"target\":[\"https:\/\/itabenexpoperu.com\/\"]}]},{\"@type\":\"ImageObject\",\"inLanguage\":\"en-US\",\"@id\":\"https:\/\/itabenexpoperu.com\/#primaryimage\",\"url\":\"https:\/\/itabenexpoperu.com\/wp-content\/uploads\/2025\/05\/Frescos-1024x614.png\",\"contentUrl\":\"https:\/\/itabenexpoperu.com\/wp-content\/uploads\/2025\/05\/Frescos-1024x614.png\"},{\"@type\":\"BreadcrumbList\",\"@id\":\"https:\/\/itabenexpoperu.com\/#breadcrumb\",\"itemListElement\":[{\"@type\":\"ListItem\",\"position\":1,\"name\":\"Home\",\"item\":\"https:\/\/itabenexpoperu.com\/\"},{\"@type\":\"ListItem\",\"position\":2,\"name\":\"Inicio\"}]},{\"@type\":\"WebSite\",\"@id\":\"https:\/\/itabenexpoperu.com\/en\/#website\",\"url\":\"https:\/\/itabenexpoperu.com\/en\/\",\"name\":\"Itaben Expo Per\u00fa\",\"description\":\"Empresa exportadora de frutas\",\"potentialAction\":[{\"@type\":\"SearchAction\",\"target\":{\"@type\":\"EntryPoint\",\"urlTemplate\":\"https:\/\/itabenexpoperu.com\/en\/?s={search_term_string}\"},\"query-input\":{\"@type\":\"PropertyValueSpecification\",\"valueRequired\":true,\"valueName\":\"search_term_string\"}}],\"inLanguage\":\"en-US\"}]}<\/script>\n<!-- \/ Yoast SEO Premium plugin. -->","yoast_head_json":{"title":"Inicio - Itaben Expo Per\u00fa","robots":{"index":"noindex","follow":"follow","max-snippet":"max-snippet:-1","max-image-preview":"max-image-preview:large","max-video-preview":"max-video-preview:-1"},"og_locale":"en_US","og_type":"article","og_title":"Inicio","og_description":"Calidad peruana que conquista el mundo M\u00e1s informaci\u00f3n \u00bfPor qu\u00e9 elegirnos? Nuestra trayectoria demuestra solidez, compromiso y capacidad de adaptaci\u00f3n frente a los desaf\u00edos del comercio internacional. A lo largo de los a\u00f1os, hemos consolidado una presencia firme y confiable en los mercados m\u00e1s exigentes del mundo, especialmente en Asia, Europa y Norteam\u00e9rica, destacando por [&hellip;]","og_url":"https:\/\/itabenexpoperu.com\/en\/","og_site_name":"Itaben Expo Per\u00fa","article_modified_time":"2025-06-16T18:55:32+00:00","og_image":[{"width":2000,"height":1200,"url":"https:\/\/itabenexpoperu.com\/wp-content\/uploads\/2025\/05\/Frescos.png","type":"image\/png"}],"twitter_card":"summary_large_image","twitter_misc":{"Est. reading time":"2 minutes"},"schema":{"@context":"https:\/\/schema.org","@graph":[{"@type":"WebPage","@id":"https:\/\/itabenexpoperu.com\/","url":"https:\/\/itabenexpoperu.com\/","name":"Inicio - Itaben Expo Per\u00fa","isPartOf":{"@id":"https:\/\/itabenexpoperu.com\/en\/#website"},"primaryImageOfPage":{"@id":"https:\/\/itabenexpoperu.com\/#primaryimage"},"image":{"@id":"https:\/\/itabenexpoperu.com\/#primaryimage"},"thumbnailUrl":"https:\/\/itabenexpoperu.com\/wp-content\/uploads\/2025\/05\/Frescos-1024x614.png","datePublished":"2022-05-12T22:38:55+00:00","dateModified":"2025-06-16T18:55:32+00:00","breadcrumb":{"@id":"https:\/\/itabenexpoperu.com\/#breadcrumb"},"inLanguage":"en-US","potentialAction":[{"@type":"ReadAction","target":["https:\/\/itabenexpoperu.com\/"]}]},{"@type":"ImageObject","inLanguage":"en-US","@id":"https:\/\/itabenexpoperu.com\/#primaryimage","url":"https:\/\/itabenexpoperu.com\/wp-content\/uploads\/2025\/05\/Frescos-1024x614.png","contentUrl":"https:\/\/itabenexpoperu.com\/wp-content\/uploads\/2025\/05\/Frescos-1024x614.png"},{"@type":"BreadcrumbList","@id":"https:\/\/itabenexpoperu.com\/#breadcrumb","itemListElement":[{"@type":"ListItem","position":1,"name":"Home","item":"https:\/\/itabenexpoperu.com\/"},{"@type":"ListItem","position":2,"name":"Inicio"}]},{"@type":"WebSite","@id":"https:\/\/itabenexpoperu.com\/en\/#website","url":"https:\/\/itabenexpoperu.com\/en\/","name":"Itaben Expo Per\u00fa","description":"Empresa exportadora de frutas","potentialAction":[{"@type":"SearchAction","target":{"@type":"EntryPoint","urlTemplate":"https:\/\/itabenexpoperu.com\/en\/?s={search_term_string}"},"query-input":{"@type":"PropertyValueSpecification","valueRequired":true,"valueName":"search_term_string"}}],"inLanguage":"en-US"}]}},"_links":{"self":[{"href":"https:\/\/itabenexpoperu.com\/en\/wp-json\/wp\/v2\/pages\/2","targetHints":{"allow":["GET"]}}],"collection":[{"href":"https:\/\/itabenexpoperu.com\/en\/wp-json\/wp\/v2\/pages"}],"about":[{"href":"https:\/\/itabenexpoperu.com\/en\/wp-json\/wp\/v2\/types\/page"}],"author":[{"embeddable":true,"href":"https:\/\/itabenexpoperu.com\/en\/wp-json\/wp\/v2\/users\/1"}],"replies":[{"embeddable":true,"href":"https:\/\/itabenexpoperu.com\/en\/wp-json\/wp\/v2\/comments?post=2"}],"version-history":[{"count":400,"href":"https:\/\/itabenexpoperu.com\/en\/wp-json\/wp\/v2\/pages\/2\/revisions"}],"predecessor-version":[{"id":2436,"href":"https:\/\/itabenexpoperu.com\/en\/wp-json\/wp\/v2\/pages\/2\/revisions\/2436"}],"wp:attachment":[{"href":"https:\/\/itabenexpoperu.com\/en\/wp-json\/wp\/v2\/media?parent=2"}],"curies":[{"name":"wp","href":"https:\/\/api.w.org\/{rel}","templated":true}]}}