{"id":79,"date":"2022-05-13T18:47:41","date_gmt":"2022-05-13T18:47:41","guid":{"rendered":"https:\/\/itabenexpoperu.com\/dev\/?page_id=79"},"modified":"2025-06-10T15:06:14","modified_gmt":"2025-06-10T15:06:14","slug":"nosotros","status":"publish","type":"page","link":"https:\/\/itabenexpoperu.com\/en\/nosotros\/","title":{"rendered":"ABOUT US"},"content":{"rendered":"<div data-elementor-type=\"wp-page\" data-elementor-id=\"79\" class=\"elementor elementor-79\" data-elementor-post-type=\"page\">\n\t\t\t\t<div class=\"elementor-element elementor-element-4c77148 e-flex e-con-boxed e-con e-parent\" data-id=\"4c77148\" data-element_type=\"container\" data-settings=\"{&quot;background_background&quot;:&quot;classic&quot;}\">\n\t\t\t\t\t<div class=\"e-con-inner\">\n\t\t<div class=\"elementor-element elementor-element-807952f e-flex e-con-boxed e-con e-child\" data-id=\"807952f\" data-element_type=\"container\">\n\t\t\t\t\t<div class=\"e-con-inner\">\n\t\t\t\t<div class=\"elementor-element elementor-element-7f84730 elementor-widget-tablet__width-initial elementor-widget-mobile__width-initial elementor-widget__width-initial elementor-widget elementor-widget-heading\" data-id=\"7f84730\" data-element_type=\"widget\" data-widget_type=\"heading.default\">\n\t\t\t\t\t<h2 class=\"elementor-heading-title elementor-size-default\">Our strength lies in flawless traceability<\/h2>\t\t\t\t<\/div>\n\t\t\t\t<div class=\"elementor-element elementor-element-40e04a1 elementor-widget__width-initial elementor-widget-tablet__width-initial elementor-widget elementor-widget-button\" data-id=\"40e04a1\" data-element_type=\"widget\" data-widget_type=\"button.default\">\n\t\t\t\t\t\t\t\t\t\t<a class=\"elementor-button elementor-button-link elementor-size-sm elementor-animation-shrink\" href=\"https:\/\/itabenexpoperu.com\/en\/productos\/\">\n\t\t\t\t\t\t<span class=\"elementor-button-content-wrapper\">\n\t\t\t\t\t\t\t\t\t<span class=\"elementor-button-text\">See products<\/span>\n\t\t\t\t\t<\/span>\n\t\t\t\t\t<\/a>\n\t\t\t\t\t\t\t\t<\/div>\n\t\t\t\t\t<\/div>\n\t\t\t\t<\/div>\n\t\t\t\t\t<\/div>\n\t\t\t\t<\/div>\n\t\t<div class=\"elementor-element elementor-element-fca8342 e-flex e-con-boxed e-con e-parent\" data-id=\"fca8342\" data-element_type=\"container\">\n\t\t\t\t\t<div class=\"e-con-inner\">\n\t\t<div class=\"elementor-element elementor-element-2b45678 e-con-full e-flex e-con e-child\" data-id=\"2b45678\" data-element_type=\"container\">\n\t\t<div class=\"elementor-element elementor-element-fc0f4d8 e-con-full e-flex e-con e-child\" data-id=\"fc0f4d8\" data-element_type=\"container\">\n\t\t<div class=\"elementor-element elementor-element-b187f9f e-con-full e-flex e-con e-child\" data-id=\"b187f9f\" data-element_type=\"container\">\n\t\t\t\t<div class=\"elementor-element elementor-element-e2b09cb elementor-widget elementor-widget-breadcrumbs\" data-id=\"e2b09cb\" data-element_type=\"widget\" data-widget_type=\"breadcrumbs.default\">\n\t\t\t\t\t<p id=\"breadcrumbs\"><span><span><a href=\"https:\/\/itabenexpoperu.com\/en\/\">HOME<\/a><\/span><\/span><\/p>\t\t\t\t<\/div>\n\t\t\t\t<\/div>\n\t\t\t\t<div class=\"elementor-element elementor-element-8018dca elementor-widget elementor-widget-heading\" data-id=\"8018dca\" data-element_type=\"widget\" data-widget_type=\"heading.default\">\n\t\t\t\t\t<h2 class=\"elementor-heading-title elementor-size-default\">Who We Are<\/h2>\t\t\t\t<\/div>\n\t\t\t\t<div class=\"elementor-element elementor-element-bf4e698 elementor-widget elementor-widget-text-editor\" data-id=\"bf4e698\" data-element_type=\"widget\" data-widget_type=\"text-editor.default\">\n\t\t\t\t\t\t\t\t\t<p><strong>ITABEN EXPOPERU S.A.C.<\/strong> is a Peruvian agro-export company operating since 2013, dedicated to the commercialization of fresh, frozen, dehydrated agricultural products and dried fruits, both organic and conventional. Our experience in supply chain management and traceability, combined with a strong commitment to quality and sustainability, has positioned us as a high-potential company within the competitive global agribusiness market.<\/p><p><strong>Thanks to the global vision of our founding partners and the efforts of a multidisciplinary team, we have developed sustainable commercial partnerships in Asia, Europe, North America, and Central America, strengthening our presence in key international markets.<\/strong><\/p>\t\t\t\t\t\t\t\t<\/div>\n\t\t<div class=\"elementor-element elementor-element-3e01bf1 e-con-full e-flex e-con e-child\" data-id=\"3e01bf1\" data-element_type=\"container\" data-settings=\"{&quot;background_background&quot;:&quot;classic&quot;}\">\n\t\t\t\t<\/div>\n\t\t\t\t<\/div>\n\t\t\t\t<\/div>\n\t\t\t\t\t<\/div>\n\t\t\t\t<\/div>\n\t\t<div class=\"elementor-element elementor-element-689c305 e-flex e-con-boxed e-con e-parent\" data-id=\"689c305\" data-element_type=\"container\" data-settings=\"{&quot;background_background&quot;:&quot;classic&quot;}\">\n\t\t\t\t\t<div class=\"e-con-inner\">\n\t\t<div class=\"elementor-element elementor-element-b2b00a4 e-con-full e-flex e-con e-child\" data-id=\"b2b00a4\" data-element_type=\"container\" data-settings=\"{&quot;background_background&quot;:&quot;classic&quot;}\">\n\t\t\t\t<div class=\"elementor-element elementor-element-e6fc1eb elementor-align-center elementor-icon-list--layout-traditional elementor-list-item-link-full_width elementor-widget elementor-widget-icon-list\" data-id=\"e6fc1eb\" data-element_type=\"widget\" data-widget_type=\"icon-list.default\">\n\t\t\t\t\t\t\t<ul class=\"elementor-icon-list-items\">\n\t\t\t\t\t\t\t<li class=\"elementor-icon-list-item\">\n\t\t\t\t\t\t\t\t\t\t\t<span class=\"elementor-icon-list-icon\">\n\t\t\t\t\t\t\t<i aria-hidden=\"true\" class=\"fas fa-check-circle\"><\/i>\t\t\t\t\t\t<\/span>\n\t\t\t\t\t\t\t\t\t\t<span class=\"elementor-icon-list-text\">Mission<\/span>\n\t\t\t\t\t\t\t\t\t<\/li>\n\t\t\t\t\t\t<\/ul>\n\t\t\t\t\t\t<\/div>\n\t\t\t\t<div class=\"elementor-element elementor-element-8b2757e elementor-widget elementor-widget-text-editor\" data-id=\"8b2757e\" data-element_type=\"widget\" data-widget_type=\"text-editor.default\">\n\t\t\t\t\t\t\t\t\t<p>To drive the development of Peruvian agriculture through the production, processing, and export of fresh, frozen, dehydrated products and dried fruits, under the highest standards of quality, safety, and sustainability. We are committed to generating value for our clients in international markets, promoting the well-being of our team, and actively contributing to the economic and social growth of our producers and allied communities. <strong>Nos comprometemos a generar valor para nuestros clientes en mercados internacionales, promover el bienestar de nuestros colaboradores y contribuir activamente al crecimiento econ\u00f3mico y social de nuestros productores y comunidades aliadas.<\/strong><\/p>\t\t\t\t\t\t\t\t<\/div>\n\t\t\t\t<\/div>\n\t\t<div class=\"elementor-element elementor-element-cb57e9c e-flex e-con-boxed e-con e-child\" data-id=\"cb57e9c\" data-element_type=\"container\" data-settings=\"{&quot;background_background&quot;:&quot;classic&quot;}\">\n\t\t\t\t\t<div class=\"e-con-inner\">\n\t\t\t\t<div class=\"elementor-element elementor-element-4158499 elementor-align-center elementor-icon-list--layout-traditional elementor-list-item-link-full_width elementor-widget elementor-widget-icon-list\" data-id=\"4158499\" data-element_type=\"widget\" data-widget_type=\"icon-list.default\">\n\t\t\t\t\t\t\t<ul class=\"elementor-icon-list-items\">\n\t\t\t\t\t\t\t<li class=\"elementor-icon-list-item\">\n\t\t\t\t\t\t\t\t\t\t\t<span class=\"elementor-icon-list-icon\">\n\t\t\t\t\t\t\t<i aria-hidden=\"true\" class=\"fas fa-check-circle\"><\/i>\t\t\t\t\t\t<\/span>\n\t\t\t\t\t\t\t\t\t\t<span class=\"elementor-icon-list-text\">Vision<\/span>\n\t\t\t\t\t\t\t\t\t<\/li>\n\t\t\t\t\t\t<\/ul>\n\t\t\t\t\t\t<\/div>\n\t\t\t\t<div class=\"elementor-element elementor-element-1cf4b0f elementor-widget elementor-widget-text-editor\" data-id=\"1cf4b0f\" data-element_type=\"widget\" data-widget_type=\"text-editor.default\">\n\t\t\t\t\t\t\t\t\t<p>To become a leading agro-export company in Latin America, globally recognized for our leadership in innovation, adaptability, and operational excellence in managing fresh, frozen, dehydrated products and dried fruits. <strong>We aspire to make a difference through a strong commitment to quality, traceability, environmental sustainability, and a positive impact on our producing communities.<\/strong><\/p>\t\t\t\t\t\t\t\t<\/div>\n\t\t\t\t\t<\/div>\n\t\t\t\t<\/div>\n\t\t\t\t\t<\/div>\n\t\t\t\t<\/div>\n\t\t\t\t<\/div>","protected":false},"excerpt":{"rendered":"<p>Nuestra fortaleza radica en una trazabilidad impecable Ver productos \u00bfQui\u00e9nes somos? ITABEN EXPOPERU S.A.C. es una empresa peruana del sector agroexportador con operaciones desde el a\u00f1o 2013, dedicada a la comercializaci\u00f3n de productos agr\u00edcolas frescos, congelados, deshidratados y frutos secos, tanto org\u00e1nicos como convencionales. Nuestra experiencia en el manejo de la cadena de suministro y [&hellip;]<\/p>","protected":false},"author":1,"featured_media":0,"parent":0,"menu_order":0,"comment_status":"closed","ping_status":"closed","template":"elementor_header_footer","meta":{"footnotes":""},"class_list":["post-79","page","type-page","status-publish","hentry"],"yoast_head":"<!-- This site is optimized with the Yoast SEO Premium plugin v25.2 (Yoast SEO v25.2) - https:\/\/yoast.com\/wordpress\/plugins\/seo\/ -->\n<title>Nosotros - Itaben Expo Per\u00fa<\/title>\n<meta name=\"robots\" content=\"noindex, follow, max-snippet:-1, max-image-preview:large, max-video-preview:-1\" \/>\n<meta property=\"og:locale\" content=\"en_US\" \/>\n<meta property=\"og:type\" content=\"article\" \/>\n<meta property=\"og:title\" content=\"Nosotros\" \/>\n<meta property=\"og:description\" content=\"Nuestra fortaleza radica en una trazabilidad impecable Ver productos \u00bfQui\u00e9nes somos? ITABEN EXPOPERU S.A.C. es una empresa peruana del sector agroexportador con operaciones desde el a\u00f1o 2013, dedicada a la comercializaci\u00f3n de productos agr\u00edcolas frescos, congelados, deshidratados y frutos secos, tanto org\u00e1nicos como convencionales. Nuestra experiencia en el manejo de la cadena de suministro y [&hellip;]\" \/>\n<meta property=\"og:url\" content=\"https:\/\/itabenexpoperu.com\/en\/nosotros\/\" \/>\n<meta property=\"og:site_name\" content=\"Itaben Expo Per\u00fa\" \/>\n<meta property=\"article:modified_time\" content=\"2025-06-10T15:06:14+00:00\" \/>\n<meta name=\"twitter:card\" content=\"summary_large_image\" \/>\n<meta name=\"twitter:label1\" content=\"Est. reading time\" \/>\n\t<meta name=\"twitter:data1\" content=\"2 minutes\" \/>\n<script type=\"application\/ld+json\" class=\"yoast-schema-graph\">{\"@context\":\"https:\/\/schema.org\",\"@graph\":[{\"@type\":\"WebPage\",\"@id\":\"https:\/\/itabenexpoperu.com\/nosotros\/\",\"url\":\"https:\/\/itabenexpoperu.com\/nosotros\/\",\"name\":\"Nosotros - Itaben Expo Per\u00fa\",\"isPartOf\":{\"@id\":\"https:\/\/itabenexpoperu.com\/en\/#website\"},\"datePublished\":\"2022-05-13T18:47:41+00:00\",\"dateModified\":\"2025-06-10T15:06:14+00:00\",\"breadcrumb\":{\"@id\":\"https:\/\/itabenexpoperu.com\/nosotros\/#breadcrumb\"},\"inLanguage\":\"en-US\",\"potentialAction\":[{\"@type\":\"ReadAction\",\"target\":[\"https:\/\/itabenexpoperu.com\/nosotros\/\"]}]},{\"@type\":\"BreadcrumbList\",\"@id\":\"https:\/\/itabenexpoperu.com\/nosotros\/#breadcrumb\",\"itemListElement\":[{\"@type\":\"ListItem\",\"position\":1,\"name\":\"Home\",\"item\":\"https:\/\/itabenexpoperu.com\/\"},{\"@type\":\"ListItem\",\"position\":2,\"name\":\"Nosotros\"}]},{\"@type\":\"WebSite\",\"@id\":\"https:\/\/itabenexpoperu.com\/en\/#website\",\"url\":\"https:\/\/itabenexpoperu.com\/en\/\",\"name\":\"Itaben Expo Per\u00fa\",\"description\":\"Empresa exportadora de frutas\",\"potentialAction\":[{\"@type\":\"SearchAction\",\"target\":{\"@type\":\"EntryPoint\",\"urlTemplate\":\"https:\/\/itabenexpoperu.com\/en\/?s={search_term_string}\"},\"query-input\":{\"@type\":\"PropertyValueSpecification\",\"valueRequired\":true,\"valueName\":\"search_term_string\"}}],\"inLanguage\":\"en-US\"}]}<\/script>\n<!-- \/ Yoast SEO Premium plugin. -->","yoast_head_json":{"title":"Nosotros - Itaben Expo Per\u00fa","robots":{"index":"noindex","follow":"follow","max-snippet":"max-snippet:-1","max-image-preview":"max-image-preview:large","max-video-preview":"max-video-preview:-1"},"og_locale":"en_US","og_type":"article","og_title":"Nosotros","og_description":"Nuestra fortaleza radica en una trazabilidad impecable Ver productos \u00bfQui\u00e9nes somos? ITABEN EXPOPERU S.A.C. es una empresa peruana del sector agroexportador con operaciones desde el a\u00f1o 2013, dedicada a la comercializaci\u00f3n de productos agr\u00edcolas frescos, congelados, deshidratados y frutos secos, tanto org\u00e1nicos como convencionales. Nuestra experiencia en el manejo de la cadena de suministro y [&hellip;]","og_url":"https:\/\/itabenexpoperu.com\/en\/nosotros\/","og_site_name":"Itaben Expo Per\u00fa","article_modified_time":"2025-06-10T15:06:14+00:00","twitter_card":"summary_large_image","twitter_misc":{"Est. reading time":"2 minutes"},"schema":{"@context":"https:\/\/schema.org","@graph":[{"@type":"WebPage","@id":"https:\/\/itabenexpoperu.com\/nosotros\/","url":"https:\/\/itabenexpoperu.com\/nosotros\/","name":"Nosotros - Itaben Expo Per\u00fa","isPartOf":{"@id":"https:\/\/itabenexpoperu.com\/en\/#website"},"datePublished":"2022-05-13T18:47:41+00:00","dateModified":"2025-06-10T15:06:14+00:00","breadcrumb":{"@id":"https:\/\/itabenexpoperu.com\/nosotros\/#breadcrumb"},"inLanguage":"en-US","potentialAction":[{"@type":"ReadAction","target":["https:\/\/itabenexpoperu.com\/nosotros\/"]}]},{"@type":"BreadcrumbList","@id":"https:\/\/itabenexpoperu.com\/nosotros\/#breadcrumb","itemListElement":[{"@type":"ListItem","position":1,"name":"Home","item":"https:\/\/itabenexpoperu.com\/"},{"@type":"ListItem","position":2,"name":"Nosotros"}]},{"@type":"WebSite","@id":"https:\/\/itabenexpoperu.com\/en\/#website","url":"https:\/\/itabenexpoperu.com\/en\/","name":"Itaben Expo Per\u00fa","description":"Empresa exportadora de frutas","potentialAction":[{"@type":"SearchAction","target":{"@type":"EntryPoint","urlTemplate":"https:\/\/itabenexpoperu.com\/en\/?s={search_term_string}"},"query-input":{"@type":"PropertyValueSpecification","valueRequired":true,"valueName":"search_term_string"}}],"inLanguage":"en-US"}]}},"_links":{"self":[{"href":"https:\/\/itabenexpoperu.com\/en\/wp-json\/wp\/v2\/pages\/79","targetHints":{"allow":["GET"]}}],"collection":[{"href":"https:\/\/itabenexpoperu.com\/en\/wp-json\/wp\/v2\/pages"}],"about":[{"href":"https:\/\/itabenexpoperu.com\/en\/wp-json\/wp\/v2\/types\/page"}],"author":[{"embeddable":true,"href":"https:\/\/itabenexpoperu.com\/en\/wp-json\/wp\/v2\/users\/1"}],"replies":[{"embeddable":true,"href":"https:\/\/itabenexpoperu.com\/en\/wp-json\/wp\/v2\/comments?post=79"}],"version-history":[{"count":175,"href":"https:\/\/itabenexpoperu.com\/en\/wp-json\/wp\/v2\/pages\/79\/revisions"}],"predecessor-version":[{"id":2430,"href":"https:\/\/itabenexpoperu.com\/en\/wp-json\/wp\/v2\/pages\/79\/revisions\/2430"}],"wp:attachment":[{"href":"https:\/\/itabenexpoperu.com\/en\/wp-json\/wp\/v2\/media?parent=79"}],"curies":[{"name":"wp","href":"https:\/\/api.w.org\/{rel}","templated":true}]}}